{"id":1408,"date":"2016-01-19T14:03:09","date_gmt":"2016-01-19T14:03:09","guid":{"rendered":"http:\/\/anpsthemes.com\/construction\/?page_id=1408"},"modified":"2020-01-15T07:28:42","modified_gmt":"2020-01-15T07:28:42","slug":"hakkimizda","status":"publish","type":"page","link":"https:\/\/kalen.com.tr\/en\/hakkimizda\/","title":{"rendered":"ABOUT US"},"content":{"rendered":"<p>[vc_row css=&#8221;.vc_custom_1460122496361{margin-bottom: 30px !important;}&#8221;][vc_column width=&#8221;1\/2&#8243;][vc_custom_heading text=&#8221;B\u0130Z K\u0130M\u0130Z?&#8221; use_theme_fonts=&#8221;yes&#8221; el_class=&#8221;title&#8221;][vc_empty_space height=&#8221;20px&#8221;][vc_column_text]<strong>KALEN  KALKAVAN  A.S.<\/strong> \u00a0Since 2001, our company has been organizing marketing and sales organizations of new or used machines, production lines and facilities in many sectors of industry (automotive, foundry, plastics, iron and steel, metal, construction, metal processing, etc.).\nIt also organizes complete factory clearance sales projects; we are able to provide alternative solutions for our industrialists' purchase and sale needs of industrial equipment, production cooperation demands, export-import activities and possible investment ideas with our researches and market studies.<\/p>\n<p><strong>OUR MISSION<br \/>\n<\/strong><br \/>\nWe aim to help the machines, which have become idle and used in our country's industry, production facilities to be brought back to production, to contribute to the national economy with the investments of our industrialists and to create employment.<\/p>\n<p>To be a reliable Solution Partner and Marketplace that can support our industrial firms with different alternatives for their investment plans by professional solutions and consultancy services, can provide suitable offers with the requested technical features and provide them reaching to all kinds of products and services in the main sectors. <strong>.<\/strong>[\/vc_column_text][\/vc_column][vc_column width=&#8221;1\/2&#8243;][vc_single_image image=&#8221;2187&#8243; img_size=&#8221;full&#8221;][\/vc_column][\/vc_row][vc_row disable_element=&#8221;yes&#8221; css=&#8221;.vc_custom_1577778146448{margin-bottom: 50px !important;}&#8221;][vc_column][vc_custom_heading text=&#8221;COMPANY HISTORY&#8221; use_theme_fonts=&#8221;yes&#8221; el_class=&#8221;title&#8221;][vc_empty_space height=&#8221;20px&#8221;]<div class=\"timeline\"><div class=\"timeline-item\"><div class=\"timeline-year\">1982<\/div><div class=\"timeline-content\"><h3 class=\"timeline-title\">Humble beginnings<\/h3><div class=\"timeline-text\">Lorem ipsum dolor sit amet, consectetur adipiscing elit. Pellentesque ut maximus orci. Curabitur feugiat scelerisque bibendum. Cras auctor scelerisque metus quis lobortis. Donec ut imperdiet diam. Vestibulum ante ipsum primis in faucibus orci luctus et ultrices posuere cubilia Curae; Mauris tincidunt justo nisi, a viverra enim mollis non.<\/div><\/div><\/div><div class=\"timeline-item\"><div class=\"timeline-year\">1995<\/div><div class=\"timeline-content\"><h3 class=\"timeline-title\">New headquarters<\/h3><div class=\"timeline-text\">Lorem ipsum dolor sit amet, consectetur adipiscing elit. Pellentesque ut maximus orci. Curabitur feugiat scelerisque bibendum. Cras auctor scelerisque metus quis lobortis. Donec ut imperdiet diam. Vestibulum ante ipsum primis in faucibus orci luctus et ultrices posuere cubilia Curae; Mauris tincidunt justo nisi, a viverra enim mollis non.<\/div><\/div><\/div><div class=\"timeline-item\"><div class=\"timeline-year\">2010<\/div><div class=\"timeline-content\"><h3 class=\"timeline-title\">Opening 5 new locations<\/h3><div class=\"timeline-text\">Lorem ipsum dolor sit amet, consectetur adipiscing elit. Pellentesque ut maximus orci. Curabitur feugiat scelerisque bibendum. Cras auctor scelerisque metus quis lobortis. Donec ut imperdiet diam. Vestibulum ante ipsum primis in faucibus orci luctus et ultrices posuere cubilia Curae; Mauris tincidunt justo nisi, a viverra enim mollis non.<\/div><\/div><\/div><div class=\"timeline-item\"><div class=\"timeline-year\">2017<\/div><div class=\"timeline-content\"><h3 class=\"timeline-title\">World wide coverage<\/h3><div class=\"timeline-text\">Lorem ipsum dolor sit amet, consectetur adipiscing elit. Pellentesque ut maximus orci. Curabitur feugiat scelerisque bibendum. Cras auctor scelerisque metus quis lobortis. Donec ut imperdiet diam. Vestibulum ante ipsum primis in faucibus orci luctus et ultrices posuere cubilia Curae; Mauris tincidunt justo nisi, a viverra enim mollis non.<\/div><\/div><\/div><\/div>[\/vc_column][\/vc_row][vc_row disable_element=&#8221;yes&#8221; css=&#8221;.vc_custom_1577778203790{margin-bottom: 20px !important;}&#8221;][vc_column][vc_custom_heading text=&#8221;EXPERIENCED TEAM&#8221; use_theme_fonts=&#8221;yes&#8221; el_class=&#8221;title&#8221;][\/vc_column][\/vc_row][vc_row disable_element=&#8221;yes&#8221; css=&#8221;.vc_custom_1577778214266{margin-bottom: 45px !important;}&#8221;][vc_column]<div class='team team-col-3'><div class='member'><div class='member-wrap'><div class='member-image'><a href='https:\/\/kalen.com.tr\/en\/team\/john-leader\/'><img width=\"370\" height=\"273\" src=\"https:\/\/kalen.com.tr\/wp-content\/uploads\/2016\/01\/team-1-2-1.jpg\" class=\"attachment-anps-team size-anps-team wp-post-image\" alt=\"\" loading=\"lazy\" srcset=\"https:\/\/kalen.com.tr\/wp-content\/uploads\/2016\/01\/team-1-2-1.jpg 370w, https:\/\/kalen.com.tr\/wp-content\/uploads\/2016\/01\/team-1-2-1-300x221.jpg 300w\" sizes=\"(max-width: 370px) 100vw, 370px\" \/><\/a><\/div><a href='https:\/\/kalen.com.tr\/en\/team\/john-leader\/'><h3 class='member-name'>John Leader<\/h3><\/a><span class='member-title'>CEO and founder of Industrial ltd.<\/span><p class='member-desc'>Lorem ipsum dolor sit amet, consectetur adipiscing elit. Sed convallis lacinia enim vel blandit. In placerat, ex nec sodales elementum.<\/p><\/div><\/div><div class='member'><div class='member-wrap'><div class='member-image'><a href='https:\/\/kalen.com.tr\/en\/team\/steve-planer\/'><img width=\"374\" height=\"273\" src=\"https:\/\/kalen.com.tr\/wp-content\/uploads\/2016\/01\/team2-1.jpg\" class=\"attachment-anps-team size-anps-team wp-post-image\" alt=\"\" loading=\"lazy\" srcset=\"https:\/\/kalen.com.tr\/wp-content\/uploads\/2016\/01\/team2-1.jpg 374w, https:\/\/kalen.com.tr\/wp-content\/uploads\/2016\/01\/team2-1-300x219.jpg 300w\" sizes=\"(max-width: 374px) 100vw, 374px\" \/><\/a><\/div><a href='https:\/\/kalen.com.tr\/en\/team\/steve-planer\/'><h3 class='member-name'>Steve Chemici<\/h3><\/a><span class='member-title'>Material engineer<\/span><p class='member-desc'>Lorem ipsum dolor sit amet, consectetur adipiscing elit. Sed convallis lacinia enim vel blandit. In placerat, ex nec sodales elementum.<\/p><\/div><\/div><div class='member'><div class='member-wrap'><div class='member-image'><a href='https:\/\/kalen.com.tr\/en\/team\/mark-teran\/'><img width=\"374\" height=\"273\" src=\"https:\/\/kalen.com.tr\/wp-content\/uploads\/2016\/01\/team3-1.jpg\" class=\"attachment-anps-team size-anps-team wp-post-image\" alt=\"\" loading=\"lazy\" srcset=\"https:\/\/kalen.com.tr\/wp-content\/uploads\/2016\/01\/team3-1.jpg 374w, https:\/\/kalen.com.tr\/wp-content\/uploads\/2016\/01\/team3-1-300x219.jpg 300w\" sizes=\"(max-width: 374px) 100vw, 374px\" \/><\/a><\/div><a href='https:\/\/kalen.com.tr\/en\/team\/mark-teran\/'><h3 class='member-name'>Mark Teran<\/h3><\/a><span class='member-title'>Senior industry expert<\/span><p class='member-desc'>Lorem ipsum dolor sit amet, consectetur adipiscing elit. Sed convallis lacinia enim vel blandit. In placerat, ex nec sodales elementum.<\/p><\/div><\/div><\/div>[\/vc_column][\/vc_row][vc_row full_width=&#8221;stretch_row&#8221; disable_element=&#8221;yes&#8221; el_class=&#8221;no-bottom-padding-row&#8221; css=&#8221;.vc_custom_1577953745292{background-color: #3498db !important;}&#8221;][vc_column css=&#8221;.vc_custom_1453297044468{padding-top: 0px !important;}&#8221;]<div class=\"download\"><div class='download-content text-uppercase' style='color: #ffffff'><i class='fa fa fa-file-pdf-o'><\/i> DOWNLOAD A COMPLETE CATALOG OF OUR SERVICES AND PROJECTS SPECIFICATIONS<\/div><a target='_self' href='#' class='btn btn-md btn-dark btn-shadow'><i class='fa fa fa-cloud-download'><\/i> Download<\/a><\/div>[\/vc_column][\/vc_row]<\/p>","protected":false},"excerpt":{"rendered":"<p>[vc_row css=&#8221;.vc_custom_1460122496361{margin-bottom: 30px !important;}&#8221;][vc_column width=&#8221;1\/2&#8243;][vc_custom_heading text=&#8221;B\u0130Z K\u0130M\u0130Z?&#8221; use_theme_fonts=&#8221;yes&#8221; el_class=&#8221;title&#8221;][vc_empty_space height=&#8221;20px&#8221;][vc_column_text]KALEN \u00a0KALKAVAN \u00a0A.\u015e. \u00a0olarak, firmam\u0131z\u00a0 2001 y\u0131l\u0131ndan itibaren sanayinin bir\u00e7ok\u00a0 sekt\u00f6r\u00fcnde \u00a0(otomotiv, d\u00f6k\u00fcmhane, plastik, demir-\u00e7elik, metal, in\u015faat, metal i\u015fleme\u2026. v.s.) yeni veya kullan\u0131lm\u0131\u015f makinelerin, \u00fcretim hatlar\u0131n\u0131n ve tesislerin pazarlama ve sat\u0131\u015f &hellip;<\/p>","protected":false},"author":2,"featured_media":0,"parent":0,"menu_order":0,"comment_status":"closed","ping_status":"closed","template":"","meta":[],"_links":{"self":[{"href":"https:\/\/kalen.com.tr\/en\/wp-json\/wp\/v2\/pages\/1408"}],"collection":[{"href":"https:\/\/kalen.com.tr\/en\/wp-json\/wp\/v2\/pages"}],"about":[{"href":"https:\/\/kalen.com.tr\/en\/wp-json\/wp\/v2\/types\/page"}],"author":[{"embeddable":true,"href":"https:\/\/kalen.com.tr\/en\/wp-json\/wp\/v2\/users\/2"}],"replies":[{"embeddable":true,"href":"https:\/\/kalen.com.tr\/en\/wp-json\/wp\/v2\/comments?post=1408"}],"version-history":[{"count":9,"href":"https:\/\/kalen.com.tr\/en\/wp-json\/wp\/v2\/pages\/1408\/revisions"}],"predecessor-version":[{"id":2419,"href":"https:\/\/kalen.com.tr\/en\/wp-json\/wp\/v2\/pages\/1408\/revisions\/2419"}],"wp:attachment":[{"href":"https:\/\/kalen.com.tr\/en\/wp-json\/wp\/v2\/media?parent=1408"}],"curies":[{"name":"wp","href":"https:\/\/api.w.org\/{rel}","templated":true}]}}