{"id":1436,"date":"2016-01-19T14:52:43","date_gmt":"2016-01-19T14:52:43","guid":{"rendered":"http:\/\/anpsthemes.com\/construction\/?page_id=1436"},"modified":"2024-11-06T11:02:46","modified_gmt":"2024-11-06T08:02:46","slug":"hizmetlerimiz","status":"publish","type":"page","link":"https:\/\/kalen.com.tr\/en\/hizmetlerimiz\/","title":{"rendered":"Services"},"content":{"rendered":"<p>[vc_row css=&#8221;.vc_custom_1453287409122{margin-bottom: 40px !important;}&#8221;][vc_column width=&#8221;1\/2&#8243;]<div class='featured featured-has-link featured-has-content'><div class='featured-header'><a target='_self' href='https:\/\/kalen.com.tr\/en\/sanayi-emtialari-pazarlama-ve-satis-organizasyonlari\/'><img alt='End\u00fcstriyel Makine &amp; Ekipman Pazarlama Ve Sat\u0131\u015f Organizasyonlar\u0131' src='https:\/\/kalen.com.tr\/wp-content\/uploads\/2019\/12\/bill-oxford-fGqsewtsJY-unsplash-722x368.jpg'\/><\/a><\/div><div class='featured-content'><h3 class='featured-title text-uppercase'><a target='_self' href='https:\/\/kalen.com.tr\/en\/sanayi-emtialari-pazarlama-ve-satis-organizasyonlari\/'>Industrial Machinery & Equipment Marketing and Sales Organizations<\/a><\/h3><p class='featured-desc'>We are able to provide the most appropriate and alternative solutions for investment demands for all kinds of machinery and equipment needs in the main sectors of the manufacturing industry<\/p><a class='btn btn-md btn-minimal' target='_self' href='https:\/\/kalen.com.tr\/en\/sanayi-emtialari-pazarlama-ve-satis-organizasyonlari\/'>READ MORE<\/a><\/div><\/div>[\/vc_column][vc_column width=&#8221;1\/2&#8243;]<div class='featured featured-has-link featured-has-content'><div class='featured-header'><a target='_self' href='https:\/\/kalen.com.tr\/en\/urun-hizmet-pazaryeri\/'><img alt='\u00dcr\u00fcn Ve Hizmetler \u0130\u00e7in Pazaryeri' src='https:\/\/kalen.com.tr\/wp-content\/uploads\/2019\/12\/chuttersnap-kyCNGGKCvyw-unsplash-722x368.jpg'\/><\/a><\/div><div class='featured-content'><h3 class='featured-title text-uppercase'><a target='_self' href='https:\/\/kalen.com.tr\/en\/urun-hizmet-pazaryeri\/'>Marketplace for Products and Services<\/a><\/h3><p class='featured-desc'>Regardless of the sector, by producing alternative solutions for products and services in accordance with the demands of purchase, sale and cooperation; we create a marketplace that brings buyers and sellers together.<\/p><a class='btn btn-md btn-minimal' target='_self' href='https:\/\/kalen.com.tr\/en\/urun-hizmet-pazaryeri\/'>READ MORE<\/a><\/div><\/div>[\/vc_column][\/vc_row]<\/p>","protected":false},"excerpt":{"rendered":"<p>[vc_row css=&#8221;.vc_custom_1453287409122{margin-bottom: 40px !important;}&#8221;][vc_column width=&#8221;1\/2&#8243;][\/vc_column][vc_column width=&#8221;1\/2&#8243;][\/vc_column][\/vc_row]<\/p>","protected":false},"author":2,"featured_media":0,"parent":0,"menu_order":0,"comment_status":"closed","ping_status":"closed","template":"","meta":[],"_links":{"self":[{"href":"https:\/\/kalen.com.tr\/en\/wp-json\/wp\/v2\/pages\/1436"}],"collection":[{"href":"https:\/\/kalen.com.tr\/en\/wp-json\/wp\/v2\/pages"}],"about":[{"href":"https:\/\/kalen.com.tr\/en\/wp-json\/wp\/v2\/types\/page"}],"author":[{"embeddable":true,"href":"https:\/\/kalen.com.tr\/en\/wp-json\/wp\/v2\/users\/2"}],"replies":[{"embeddable":true,"href":"https:\/\/kalen.com.tr\/en\/wp-json\/wp\/v2\/comments?post=1436"}],"version-history":[{"count":17,"href":"https:\/\/kalen.com.tr\/en\/wp-json\/wp\/v2\/pages\/1436\/revisions"}],"predecessor-version":[{"id":3229,"href":"https:\/\/kalen.com.tr\/en\/wp-json\/wp\/v2\/pages\/1436\/revisions\/3229"}],"wp:attachment":[{"href":"https:\/\/kalen.com.tr\/en\/wp-json\/wp\/v2\/media?parent=1436"}],"curies":[{"name":"wp","href":"https:\/\/api.w.org\/{rel}","templated":true}]}}