{"id":1450,"date":"2016-01-20T08:20:38","date_gmt":"2016-01-20T08:20:38","guid":{"rendered":"http:\/\/anpsthemes.com\/construction\/?page_id=1450"},"modified":"2024-11-06T11:10:48","modified_gmt":"2024-11-06T08:10:48","slug":"sanayi-emtialari-pazarlama-ve-satis-organizasyonlari","status":"publish","type":"page","link":"https:\/\/kalen.com.tr\/en\/sanayi-emtialari-pazarlama-ve-satis-organizasyonlari\/","title":{"rendered":"Industrial Machinery & Equipment Marketing and Sales Organization"},"content":{"rendered":"<p>[vc_row css=&#8221;.vc_custom_1453450201221{margin-bottom: 15px !important;}&#8221;][vc_column]<div class=\"gallery-fs\"><figure><img src=\"https:\/\/kalen.com.tr\/wp-content\/uploads\/2019\/12\/ant-rozetsky-SLIFI67jv5k-unsplash-scaled.jpg\" alt=\"\"><figcaption>sanayi1c<\/figcaption><\/figure><div class=\"gallery-fs-nav\"><button class=\"gallery-fs-fullscreen\"><i class=\"fa fa-arrows-alt\"><\/i><\/button><\/div><div class=\"gallery-fs-thumbnails gallery-fs-thumbnails-col-5 owl-carousel\"><a href='https:\/\/kalen.com.tr\/wp-content\/uploads\/2019\/12\/ant-rozetsky-SLIFI67jv5k-unsplash-scaled.jpg' data-caption='sanayi1c' title='sanayi1c' class=\"selected\"><img width=\"280\" height=\"210\" src=\"https:\/\/kalen.com.tr\/wp-content\/uploads\/2019\/12\/ant-rozetsky-SLIFI67jv5k-unsplash-280x210.jpg\" class=\"attachment-anps-gallery-thumb size-anps-gallery-thumb\" alt=\"\" loading=\"lazy\" \/><\/a><a href='https:\/\/kalen.com.tr\/wp-content\/uploads\/2019\/12\/ant-rozetsky-io7dX_1EFCg-unsplash-scaled.jpg' data-caption='sanayi1b' title='sanayi1b'><img width=\"280\" height=\"210\" src=\"https:\/\/kalen.com.tr\/wp-content\/uploads\/2019\/12\/ant-rozetsky-io7dX_1EFCg-unsplash-280x210.jpg\" class=\"attachment-anps-gallery-thumb size-anps-gallery-thumb\" alt=\"\" loading=\"lazy\" \/><\/a><a href='https:\/\/kalen.com.tr\/wp-content\/uploads\/2019\/12\/karan-bhatia-ib7jwp7m0iA-unsplash-scaled.jpg' data-caption='sanayi1a' title='sanayi1a'><img width=\"280\" height=\"210\" src=\"https:\/\/kalen.com.tr\/wp-content\/uploads\/2019\/12\/karan-bhatia-ib7jwp7m0iA-unsplash-280x210.jpg\" class=\"attachment-anps-gallery-thumb size-anps-gallery-thumb\" alt=\"\" loading=\"lazy\" srcset=\"https:\/\/kalen.com.tr\/wp-content\/uploads\/2019\/12\/karan-bhatia-ib7jwp7m0iA-unsplash-280x210.jpg 280w, https:\/\/kalen.com.tr\/wp-content\/uploads\/2019\/12\/karan-bhatia-ib7jwp7m0iA-unsplash-300x225.jpg 300w, https:\/\/kalen.com.tr\/wp-content\/uploads\/2019\/12\/karan-bhatia-ib7jwp7m0iA-unsplash-1024x768.jpg 1024w, https:\/\/kalen.com.tr\/wp-content\/uploads\/2019\/12\/karan-bhatia-ib7jwp7m0iA-unsplash-768x576.jpg 768w, https:\/\/kalen.com.tr\/wp-content\/uploads\/2019\/12\/karan-bhatia-ib7jwp7m0iA-unsplash-1536x1152.jpg 1536w, https:\/\/kalen.com.tr\/wp-content\/uploads\/2019\/12\/karan-bhatia-ib7jwp7m0iA-unsplash-2048x1536.jpg 2048w\" sizes=\"(max-width: 280px) 100vw, 280px\" \/><\/a><\/div><\/div>[\/vc_column][\/vc_row][vc_row][vc_column][vc_custom_heading text=&#8221;Makine &amp; Ekipman &amp; Fabrika Pazarlama Ve Sat\u0131\u015f Organizasyonlar\u0131&#8221; use_theme_fonts=&#8221;yes&#8221; el_class=&#8221;title&#8221;][vc_column_text]\u00dcretim sanayisinin ba\u015fl\u0131ca sekt\u00f6rlerinde her t\u00fcrl\u00fc makine ve ekipman ihtiya\u00e7lar\u0131 i\u00e7in yat\u0131r\u0131m taleplerine y\u00f6nelik en uygun ve alternatifli \u00e7\u00f6z\u00fcmler sa\u011flayabilmekteyiz[\/vc_column_text][\/vc_column][\/vc_row][vc_row disable_element=&#8221;yes&#8221;][vc_column width=&#8221;7\/12&#8243;][vc_custom_heading text=&#8221;SERVICE DETAILS&#8221; use_theme_fonts=&#8221;yes&#8221; el_class=&#8221;title&#8221;][vc_column_text]\u00dcretim sanayisinin ba\u015fl\u0131ca sekt\u00f6rlerinde her t\u00fcrl\u00fc makine ve ekipman ihtiya\u00e7lar\u0131 i\u00e7in yat\u0131r\u0131m taleplerine y\u00f6nelik en uygun ve alternatifli \u00e7\u00f6z\u00fcmler sa\u011flayabilmekteyiz.[\/vc_column_text][vc_tta_accordion style=&#8221;anps-style-1&#8243; shape=&#8221;square&#8221; active_section=&#8221;1&#8243;][vc_tta_section title=&#8221;Kullan\u0131lm\u0131\u015f Makine, \u00dcretim Hatlar\u0131 Ve Tesisler #1&#8243; tab_id=&#8221;1453278520348-82ca7492-26b7&#8243;][vc_column_text css=&#8221;.vc_custom_1577782165893{margin-bottom: 0px !important;}&#8221;]Kullan\u0131lm\u0131\u015f veya at\u0131l durumdaki makinelerin, \u00fcretim hatlar\u0131n\u0131n ve tesislerin pazarlama ve sat\u0131\u015f organizasyonlar\u0131n\u0131 d\u00fczenleyerek ekonomiye geri kazand\u0131r\u0131lmalar\u0131n\u0131 sa\u011flamaktay\u0131z.<\/p>\n<p>Sanayicilerimizin \u00fcretim ihtiya\u00e7lar\u0131 gere\u011fi emtia (makine, \u00fcretim hat ve tesis) al\u0131m-sat\u0131m talepleri do\u011frultusunda pazar ara\u015ft\u0131rmalar\u0131m\u0131z\u0131 yaparak, uygun alternatif \u00e7\u00f6z\u00fcmler sunmaktay\u0131z.[\/vc_column_text][\/vc_tta_section][vc_tta_section title=&#8221;TITLE FOR ACCORDION #2&#8243; tab_id=&#8221;1453278704996-2e48d0ff-944d&#8221;][vc_column_text css=&#8221;.vc_custom_1453278827191{margin-bottom: 0px !important;}&#8221;]Anim pariatur cliche reprehenderit, enim eiusmod high life accusamus terry richardson ad im keffiyeh helvetica, craft beer labore wes anderson cred nesciunt sapiente ea proident. Ad vegan excepteur butcher vice lomo labore sustainable VHS.[\/vc_column_text][\/vc_tta_section][vc_tta_section title=&#8221;TITLE FOR ACCORDION #3&#8243; tab_id=&#8221;1453278708716-3462645a-c915&#8243;][vc_column_text css=&#8221;.vc_custom_1453278833852{margin-bottom: 0px !important;}&#8221;]Anim pariatur cliche reprehenderit, enim eiusmod high life accusamus terry richardson ad im keffiyeh helvetica, craft beer labore wes anderson cred nesciunt sapiente ea proident. Ad vegan excepteur butcher vice lomo labore sustainable VHS.[\/vc_column_text][\/vc_tta_section][vc_tta_section title=&#8221;TITLE FOR ACCORDION #4&#8243; tab_id=&#8221;1453278719768-885e6062-5ba0&#8243;][vc_column_text css=&#8221;.vc_custom_1453278840088{margin-bottom: 0px !important;}&#8221;]Anim pariatur cliche reprehenderit, enim eiusmod high life accusamus terry richardson ad im keffiyeh helvetica, craft beer labore wes anderson cred nesciunt sapiente ea proident. Ad vegan excepteur butcher vice lomo labore sustainable VHS.[\/vc_column_text][\/vc_tta_section][vc_tta_section title=&#8221;TITLE FOR ACCORDION #5&#8243; tab_id=&#8221;1453278719253-0a2170b7-7b6b&#8221;][vc_column_text css=&#8221;.vc_custom_1453278845605{margin-bottom: 0px !important;}&#8221;]Anim pariatur cliche reprehenderit, enim eiusmod high life accusamus terry richardson ad im keffiyeh helvetica, craft beer labore wes anderson cred nesciunt sapiente ea proident. Ad vegan excepteur butcher vice lomo labore sustainable VHS.[\/vc_column_text][\/vc_tta_section][vc_tta_section title=&#8221;TITLE FOR ACCORDION #6&#8243; tab_id=&#8221;1453278718305-b6d352bb-e0a6&#8243;][vc_column_text css=&#8221;.vc_custom_1453278852031{margin-bottom: 0px !important;}&#8221;]Anim pariatur cliche reprehenderit, enim eiusmod high life accusamus terry richardson ad im keffiyeh helvetica, craft beer labore wes anderson cred nesciunt sapiente ea proident. Ad vegan excepteur butcher vice lomo labore sustainable VHS.[\/vc_column_text][\/vc_tta_section][\/vc_tta_accordion][\/vc_column][vc_column width=&#8221;5\/12&#8243;][vc_custom_heading text=&#8221;PROJECT MISSION&#8221; use_theme_fonts=&#8221;yes&#8221; el_class=&#8221;title&#8221;][vc_column_text]Lorem ipsum dolor sit amet, consectetur adipiscing elit. Mauris a enim aliquam, condimentum nisl a, laoreet lectus. Aliquam convallis sed elit nec vehicula. Praesent gravida, massa sit amet ullamcorper fringilla, tortor nunc ultrices dui, in tristique leo leo sed massa.<\/p>\n<p>Quisque et lectus pulvinar, porttitor mi non, elementum dui. Morbi mi nisl, tincidunt sed venenatis eget, finibus eu mauris. Nullam nisi lacus, feugiat eget varius eget, pellentesque dictum odio. Sed sollicitudin viverra est, at aliquam metus ultrices id. Duis eu purus vel nisl commodo facilisis vitae ut lectus.<\/p>\n<p>Sed elementum dapibus tellus, a dictum metus interdum ac. Nullam condimentum, dui volutpat fringilla molestie, libero tortor ultrices lorem, at tempus diam purus non velit. Aliquam vel nulla eleifend, consequat elit id, tristique massa. Fusce dolor velit, blandit ac erat ac, vestibulum ornare diam.<\/p>\n<p>Curabitur maximus feugiat velit, sed dapibus sem auctor quis. Maecenas turpis purus, tincidunt eget mattis ac, placerat sit amet dolor. Aenean vel porttitor.\u00a0Maecenas turpis purus, tincidunt eget mattis ac, placerat sit amet dolor. Aenean vel porttitor libero.[\/vc_column_text][\/vc_column][\/vc_row][vc_row][vc_column][vc_custom_heading text=&#8221;Hizmetler&#8221; use_theme_fonts=&#8221;yes&#8221; el_class=&#8221;title&#8221;][vc_column_text]A\u015fa\u011f\u0131da faaliyetlerde bulundu\u011fumuz sekt\u00f6rlerdeki baz\u0131 hizmetlerimizi g\u00f6rebilirsiniz.[\/vc_column_text][vc_tta_accordion style=&#8221;anps-style-1&#8243; shape=&#8221;square&#8221; active_section=&#8221;1&#8243;][vc_tta_section title=&#8221;Kullan\u0131lm\u0131\u015f Makine, \u00dcretim Hatlar\u0131 Ve Tesisler&#8221; tab_id=&#8221;1577782641216-06671b47-3e94&#8243;][vc_column_text css=&#8221;.vc_custom_1577782165893{margin-bottom: 0px !important;}&#8221;]Kullan\u0131lm\u0131\u015f veya at\u0131l durumdaki makinelerin, \u00fcretim hatlar\u0131n\u0131n ve tesislerin pazarlama ve sat\u0131\u015f organizasyonlar\u0131n\u0131 d\u00fczenleyerek ekonomiye geri kazand\u0131r\u0131lmalar\u0131n\u0131 sa\u011flamaktay\u0131z.<\/p>\n<p>Sanayicilerimizin \u00fcretim ihtiya\u00e7lar\u0131 gere\u011fi emtia (makine, \u00fcretim hat ve tesis) al\u0131m-sat\u0131m talepleri do\u011frultusunda pazar ara\u015ft\u0131rmalar\u0131m\u0131z\u0131 yaparak, uygun alternatif \u00e7\u00f6z\u00fcmler sunmaktay\u0131z.[\/vc_column_text][\/vc_tta_section][vc_tta_section title=&#8221;Komple Fabrika Tasfiye Sat\u0131\u015flar\u0131&#8221; tab_id=&#8221;1577782641266-eb278b9a-8c6b&#8221;][vc_column_text css=&#8221;.vc_custom_1579092666761{margin-bottom: 0px !important;}&#8221;]Bir fabrikada \u00fcretimi sa\u011flayan t\u00fcm makine parkurunun, fabrika binas\u0131 ve arsas\u0131n\u0131n komple pazarlama ve sat\u0131\u015f projelerini organize etmekteyiz.[\/vc_column_text][\/vc_tta_section][vc_tta_section title=&#8221;Yeni End\u00fcstri Yat\u0131r\u0131mlar\u0131&#8221; tab_id=&#8221;1577782641319-ba984833-bf5e&#8221;][vc_column_text css=&#8221;.vc_custom_1577783444628{margin-bottom: 0px !important;}&#8221;]\u00c7\u00f6z\u00fcm ortaklar\u0131m\u0131z ile yapt\u0131\u011f\u0131m\u0131z \u00e7al\u0131\u015fmalarla tamamen yeni (s\u0131f\u0131r)\u00a0 makine,\u00a0 \u00fcretim hatt\u0131 ve komple fabrika \u00a0teklifleri sa\u011flayarak, yat\u0131r\u0131mc\u0131 firmalar\u0131n \u00a0taleplerine y\u00f6nelik alternatif \u00e7\u00f6z\u00fcmler olarak sunabilmekteyiz[\/vc_column_text][\/vc_tta_section][\/vc_tta_accordion][\/vc_column][\/vc_row]<\/p>","protected":false},"excerpt":{"rendered":"<p>[vc_row css=&#8221;.vc_custom_1453450201221{margin-bottom: 15px !important;}&#8221;][vc_column][\/vc_column][\/vc_row][vc_row][vc_column][vc_custom_heading text=&#8221;Makine &amp; Ekipman &amp; Fabrika Pazarlama Ve Sat\u0131\u015f Organizasyonlar\u0131&#8221; use_theme_fonts=&#8221;yes&#8221; el_class=&#8221;title&#8221;][vc_column_text]\u00dcretim sanayisinin ba\u015fl\u0131ca sekt\u00f6rlerinde her t\u00fcrl\u00fc makine ve ekipman ihtiya\u00e7lar\u0131 i\u00e7in yat\u0131r\u0131m taleplerine y\u00f6nelik en uygun ve alternatifli \u00e7\u00f6z\u00fcmler sa\u011flayabilmekteyiz[\/vc_column_text][\/vc_column][\/vc_row][vc_row disable_element=&#8221;yes&#8221;][vc_column width=&#8221;7\/12&#8243;][vc_custom_heading text=&#8221;SERVICE DETAILS&#8221; use_theme_fonts=&#8221;yes&#8221; el_class=&#8221;title&#8221;][vc_column_text]\u00dcretim &hellip;<\/p>","protected":false},"author":2,"featured_media":0,"parent":0,"menu_order":0,"comment_status":"closed","ping_status":"closed","template":"","meta":[],"_links":{"self":[{"href":"https:\/\/kalen.com.tr\/en\/wp-json\/wp\/v2\/pages\/1450"}],"collection":[{"href":"https:\/\/kalen.com.tr\/en\/wp-json\/wp\/v2\/pages"}],"about":[{"href":"https:\/\/kalen.com.tr\/en\/wp-json\/wp\/v2\/types\/page"}],"author":[{"embeddable":true,"href":"https:\/\/kalen.com.tr\/en\/wp-json\/wp\/v2\/users\/2"}],"replies":[{"embeddable":true,"href":"https:\/\/kalen.com.tr\/en\/wp-json\/wp\/v2\/comments?post=1450"}],"version-history":[{"count":14,"href":"https:\/\/kalen.com.tr\/en\/wp-json\/wp\/v2\/pages\/1450\/revisions"}],"predecessor-version":[{"id":3232,"href":"https:\/\/kalen.com.tr\/en\/wp-json\/wp\/v2\/pages\/1450\/revisions\/3232"}],"wp:attachment":[{"href":"https:\/\/kalen.com.tr\/en\/wp-json\/wp\/v2\/media?parent=1450"}],"curies":[{"name":"wp","href":"https:\/\/api.w.org\/{rel}","templated":true}]}}