{"id":1461,"date":"2016-01-19T15:44:38","date_gmt":"2016-01-19T15:44:38","guid":{"rendered":"http:\/\/anpsthemes.com\/construction\/?page_id=1461"},"modified":"2023-08-24T15:13:58","modified_gmt":"2023-08-24T12:13:58","slug":"projeler","status":"publish","type":"page","link":"https:\/\/kalen.com.tr\/en\/projeler\/","title":{"rendered":"Projects"},"content":{"rendered":"<p>[vc_row][vc_column][vc_custom_heading text=&#8221;Projelerimiz&#8221; use_theme_fonts=&#8221;yes&#8221; el_class=&#8221;title&#8221;][vc_empty_space height=&#8221;15&#8243;][vc_column_text]Mevcut proje konular\u0131m\u0131z\u0131 bu sayfa \u00fczerinden inceleyip takip edebilirsiniz. \u0130lgi duyman\u0131z halinde t\u00fcm sorular\u0131n\u0131z\u0131 y\u00f6neltmek ve detaylar hakk\u0131nda bilgi almak i\u00e7in bizimle temasa ge\u00e7ebilirsiniz.<\/p>\n<p><strong>As Kalen Kalkavan Ltd,<\/strong> olarak, sizlerin de benzer konularda yat\u0131r\u0131m planlar\u0131n\u0131z ile al\u0131m-sat\u0131m talepleriniz i\u00e7in \u00e7al\u0131\u015fmalar yapabilece\u011fimizi belirtmek isteriz.[\/vc_column_text][\/vc_column][\/vc_row][vc_row css=&#8221;.vc_custom_1453297416098{margin-bottom: 60px !important;}&#8221;][vc_column]<div class=\"projects\"><ul class='filter'><li><button data-filter=\"*\" class=\"selected\">All projects<\/button><\/li><li><button data-filter=\"yeni-makineler\">New Machinery<\/button><\/li><li><button data-filter=\"\u0130n\u015faat\">Construction<\/button><\/li><li><button data-filter=\"d\u00f6k\u00fcm\">Foundry<\/button><\/li><li><button data-filter=\"metal\">Metal<\/button><\/li><li><button data-filter=\"is\u0131tma\">Heating<\/button><\/li><li><button data-filter=\"beyaz-e\u015fya\">Household Appliances<\/button><\/li><li><button data-filter=\"biten-projeler\">Completed Projects<\/button><\/li><li><button data-filter=\"son-eklenenler\">Recently Added<\/button><\/li><li><button data-filter=\"arananlar\">Wanted<\/button><\/li><li><button data-filter=\"plastik\">Plastik<\/button><\/li><\/ul><div class='row projects-content'><div class='projects-item \u0130n\u015faat son-eklenenler col-md-4 col-xs-6'><div class='projects-item-wrap'><img src=\"https:\/\/kalen.com.tr\/wp-content\/uploads\/2024\/07\/PHOTO-2024-11-01-16-21-39-359x283.jpg\" alt=\"\" \/><div class=\"project-hover-bg\"><\/div><div class=\"project-hover\"><h3 class='project-title text-uppercase'>LUXURY HOUSING PROJECT WITH SEA AND FOREST VIEW<\/h3><p class='project-desc'>Sariyer Maden - Boutique Site<\/p><a class='btn btn-md' href='https:\/\/kalen.com.tr\/en\/portfolio\/satilik-dubleks-daireler-sariyer\/'>Read more<\/a><\/div><\/div><\/div><div class='projects-item d\u00f6k\u00fcm yeni-makineler col-md-4 col-xs-6'><div class='projects-item-wrap'><img src=\"https:\/\/kalen.com.tr\/wp-content\/uploads\/2024\/06\/Kalen_Used-Horizontal-Moulding-Line_Georg-Fischer-Disa-ASPA-1-359x283.jpeg\" alt=\"\" \/><div class=\"project-hover-bg\"><\/div><div class=\"project-hover\"><h3 class='project-title text-uppercase'>HORIZONTAL GREEN SAND MOULDING LINE FOR SALE<\/h3><p class='project-desc'>Georg Fischer\n1.000 x 850 x 300\/300mm<\/p><a class='btn btn-md' href='https:\/\/kalen.com.tr\/en\/portfolio\/satilik-yatay-yas-kum-kaliplama-hatti\/'>Read more<\/a><\/div><\/div><\/div><div class='projects-item plastik son-eklenenler col-md-4 col-xs-6'><div class='projects-item-wrap'><img src=\"https:\/\/kalen.com.tr\/wp-content\/uploads\/2023\/11\/KALEN_ARBURG-Allrounder-630-H-2500-1300-1-359x283.jpg\" alt=\"\" \/><div class=\"project-hover-bg\"><\/div><div class=\"project-hover\"><h3 class='project-title text-uppercase'>PLASTIC INJECTION MACHINES FOR SALE<\/h3><p class='project-desc'>Different Brands and Features<\/p><a class='btn btn-md' href='https:\/\/kalen.com.tr\/en\/portfolio\/satilik-plastik-enjeksiyon-makineleri\/'>Read more<\/a><\/div><\/div><\/div><div class='projects-item metal son-eklenenler col-md-4 col-xs-6'><div class='projects-item-wrap'><img src=\"https:\/\/kalen.com.tr\/wp-content\/uploads\/2023\/09\/Kalen_Slitting-Line_4906-5-359x283.jpg\" alt=\"\" \/><div class=\"project-hover-bg\"><\/div><div class=\"project-hover\"><h3 class='project-title text-uppercase'>COIL SHEET METAL PROCESSING LINES FOR SALE<\/h3><p class='project-desc'>Used Cut To Length - Slitting - Pipe Processing Lines<\/p><a class='btn btn-md' href='https:\/\/kalen.com.tr\/en\/portfolio\/metal-sac-isleme-hatlari\/'>Read more<\/a><\/div><\/div><\/div><div class='projects-item plastik col-md-4 col-xs-6'><div class='projects-item-wrap'><img src=\"https:\/\/kalen.com.tr\/wp-content\/uploads\/2023\/05\/KALEN_KM1600-1-359x283.jpeg\" alt=\"\" \/><div class=\"project-hover-bg\"><\/div><div class=\"project-hover\"><h3 class='project-title text-uppercase'>PLASTIC INJECTION MACHINE FOR SALE<\/h3><p class='project-desc'>Krauss Maffei - 1600 tons - 2017 \/ SOLD<\/p><a class='btn btn-md' href='https:\/\/kalen.com.tr\/en\/portfolio\/satilik-plastik-enjeksiyon-makinesi\/'>Read more<\/a><\/div><\/div><\/div><div class='projects-item \u0130n\u015faat col-md-4 col-xs-6'><div class='projects-item-wrap'><img src=\"https:\/\/kalen.com.tr\/wp-content\/uploads\/2016\/01\/Kalen_Celik-Villa-Ornegi-1-359x283.jpeg\" alt=\"\" \/><div class=\"project-hover-bg\"><\/div><div class=\"project-hover\"><h3 class='project-title text-uppercase'>Steel Construction Building, Villa Solutions<\/h3><p class='project-desc'>Steel Structure Solutions<\/p><a class='btn btn-md' href='https:\/\/kalen.com.tr\/en\/portfolio\/celik-yapi\/'>Read more<\/a><\/div><\/div><\/div><div class='projects-item beyaz-e\u015fya col-md-4 col-xs-6'><div class='projects-item-wrap'><img src=\"https:\/\/kalen.com.tr\/wp-content\/uploads\/2020\/03\/presler1-359x283.jpg\" alt=\"\" \/><div class=\"project-hover-bg\"><\/div><div class=\"project-hover\"><h3 class='project-title text-uppercase'>WHITE GOODS COOKING PRODUCTS PRODUCTION FACTORY<\/h3><p class='project-desc'>Household cooking appliances; built-in oven, hood, aspirator production factory.<\/p><a class='btn btn-md' href='https:\/\/kalen.com.tr\/en\/portfolio\/satilik-beyaz-esya-uretim-fabrikasi\/'>Read more<\/a><\/div><\/div><\/div><div class='projects-item metal son-eklenenler col-md-4 col-xs-6'><div class='projects-item-wrap'><img src=\"https:\/\/kalen.com.tr\/wp-content\/uploads\/2023\/02\/P1010515-359x283.jpg\" alt=\"\" \/><div class=\"project-hover-bg\"><\/div><div class=\"project-hover\"><h3 class='project-title text-uppercase'>METALWORKING MACHINES FOR SALE<\/h3><p class='project-desc'>MOLD & PRESS HALLS<\/p><a class='btn btn-md' href='https:\/\/kalen.com.tr\/en\/portfolio\/satilik-metal-isleme-makineleri\/'>Read more<\/a><\/div><\/div><\/div><div class='projects-item beyaz-e\u015fya metal son-eklenenler col-md-4 col-xs-6'><div class='projects-item-wrap'><img src=\"https:\/\/kalen.com.tr\/wp-content\/uploads\/2023\/02\/Kalen-6-359x283.jpg\" alt=\"\" \/><div class=\"project-hover-bg\"><\/div><div class=\"project-hover\"><h3 class='project-title text-uppercase'>POWDER ENAMEL PLANT FOR SALE<\/h3><p class='project-desc'>COMPLETE FACILITY<\/p><a class='btn btn-md' href='https:\/\/kalen.com.tr\/en\/portfolio\/satilik-toz-emaye-tesisi\/'>Read more<\/a><\/div><\/div><\/div><div class='projects-item beyaz-e\u015fya metal son-eklenenler col-md-4 col-xs-6'><div class='projects-item-wrap'><img src=\"https:\/\/kalen.com.tr\/wp-content\/uploads\/2023\/02\/P1010525-359x283.jpg\" alt=\"\" \/><div class=\"project-hover-bg\"><\/div><div class=\"project-hover\"><h3 class='project-title text-uppercase'>POWDER COATING LINE FOR SALE<\/h3><p class='project-desc'>220 HANGER<\/p><a class='btn btn-md' href='https:\/\/kalen.com.tr\/en\/portfolio\/satilik-toz-boya-hatti\/'>Read more<\/a><\/div><\/div><\/div><div class='projects-item metal son-eklenenler col-md-4 col-xs-6'><div class='projects-item-wrap'><img src=\"https:\/\/kalen.com.tr\/wp-content\/uploads\/2022\/08\/Kalen_SALVAGNINI-P4-2516-359x283.jpg\" alt=\"\" \/><div class=\"project-hover-bg\"><\/div><div class=\"project-hover\"><h3 class='project-title text-uppercase'>SALVAGNINI SHEET PROCESSING MACHINES FOR SALE<\/h3><p class='project-desc'>PANEL BENDING & PUNCH & LASER CUTTING<\/p><a class='btn btn-md' href='https:\/\/kalen.com.tr\/en\/portfolio\/satilik-salvagnini-sac-isleme-makineleri\/'>Read more<\/a><\/div><\/div><\/div><div class='projects-item arananlar col-md-4 col-xs-6'><div class='projects-item-wrap'><img width=\"312\" height=\"208\" src=\"https:\/\/kalen.com.tr\/wp-content\/uploads\/2022\/07\/Kalen_wanted-1.jpg\" class=\"attachment-anps-portfolio size-anps-portfolio\" alt=\"\" loading=\"lazy\" srcset=\"https:\/\/kalen.com.tr\/wp-content\/uploads\/2022\/07\/Kalen_wanted-1.jpg 312w, https:\/\/kalen.com.tr\/wp-content\/uploads\/2022\/07\/Kalen_wanted-1-300x200.jpg 300w\" sizes=\"(max-width: 312px) 100vw, 312px\" \/><div class=\"project-hover-bg\"><\/div><div class=\"project-hover\"><h3 class='project-title text-uppercase'>WANTED EQUIPMENT<\/h3><p class='project-desc'>- Machinery and Production Lines -<\/p><a class='btn btn-md' href='https:\/\/kalen.com.tr\/en\/portfolio\/aranan-makineler-ve-uretim-hatlari\/'>Read more<\/a><\/div><\/div><\/div><div class='projects-item d\u00f6k\u00fcm col-md-4 col-xs-6'><div class='projects-item-wrap'><img src=\"https:\/\/kalen.com.tr\/wp-content\/uploads\/2019\/12\/ant-rozetsky-SLIFI67jv5k-unsplash-359x283.jpg\" alt=\"\" \/><div class=\"project-hover-bg\"><\/div><div class=\"project-hover\"><h3 class='project-title text-uppercase'>FOUNDRY LINES AND EQUIPMENTS<\/h3><p class='project-desc'>Used & New Foundry Equipments<\/p><a class='btn btn-md' href='https:\/\/kalen.com.tr\/en\/portfolio\/dokumhane\/'>Read more<\/a><\/div><\/div><\/div><div class='projects-item biten-projeler col-md-4 col-xs-6'><div class='projects-item-wrap'><img src=\"https:\/\/kalen.com.tr\/wp-content\/uploads\/2016\/01\/robin-sommer-wnOJ83k8r4w-unsplash-359x283.jpg\" alt=\"\" \/><div class=\"project-hover-bg\"><\/div><div class=\"project-hover\"><h3 class='project-title text-uppercase'>Completed Projects<\/h3><p class='project-desc'>You can see examples of past projects here.<\/p><a class='btn btn-md' href='https:\/\/kalen.com.tr\/en\/portfolio\/biten-projeler\/'>Read more<\/a><\/div><\/div><\/div><div class='projects-item is\u0131tma yeni-makineler col-md-4 col-xs-6'><div class='projects-item-wrap'><img src=\"https:\/\/kalen.com.tr\/wp-content\/uploads\/2016\/01\/RADYATOR-FOTO-359x283.jpg\" alt=\"\" \/><div class=\"project-hover-bg\"><\/div><div class=\"project-hover\"><h3 class='project-title text-uppercase'>Radyat\u00f6r \u00dcretim \u00c7\u00f6z\u00fcmleri<\/h3><p class='project-desc'>Used & New Panel Radiator Plant Solutions<\/p><a class='btn btn-md' href='https:\/\/kalen.com.tr\/en\/portfolio\/panel-radyator-tesisleri\/'>Read more<\/a><\/div><\/div><\/div><\/div><\/div>[\/vc_column][\/vc_row][vc_row full_width=&#8221;stretch_row&#8221; disable_element=&#8221;yes&#8221; el_class=&#8221;no-bottom-padding-row&#8221; css=&#8221;.vc_custom_1578049429080{background-color: #3498db !important;}&#8221;][vc_column css=&#8221;.vc_custom_1453297356032{padding-top: 0px !important;}&#8221;]<div class=\"download\"><div class='download-content text-uppercase' style='color: #ffffff'><i class='fa fa fa-file-pdf-o'><\/i> DOWNLOAD A COMPLETE CATALOG OF OUR SERVICES AND PROJECTS SPECIFICATIONS<\/div><a target='_self' href='#' class='btn btn-md btn-dark btn-shadow'><i class='fa fa fa-cloud-download'><\/i> Download<\/a><\/div>[\/vc_column][\/vc_row]<\/p>","protected":false},"excerpt":{"rendered":"<p>[vc_row][vc_column][vc_custom_heading text=&#8221;Projelerimiz&#8221; use_theme_fonts=&#8221;yes&#8221; el_class=&#8221;title&#8221;][vc_empty_space height=&#8221;15&#8243;][vc_column_text]Mevcut proje konular\u0131m\u0131z\u0131 bu sayfa \u00fczerinden inceleyip takip edebilirsiniz. \u0130lgi duyman\u0131z halinde t\u00fcm sorular\u0131n\u0131z\u0131 y\u00f6neltmek ve detaylar hakk\u0131nda bilgi almak i\u00e7in bizimle temasa ge\u00e7ebilirsiniz. Kalen Kalkavan Ltd olarak, sizlerin de benzer konularda yat\u0131r\u0131m planlar\u0131n\u0131z ile al\u0131m-sat\u0131m &hellip;<\/p>","protected":false},"author":2,"featured_media":0,"parent":0,"menu_order":0,"comment_status":"closed","ping_status":"closed","template":"","meta":[],"_links":{"self":[{"href":"https:\/\/kalen.com.tr\/en\/wp-json\/wp\/v2\/pages\/1461"}],"collection":[{"href":"https:\/\/kalen.com.tr\/en\/wp-json\/wp\/v2\/pages"}],"about":[{"href":"https:\/\/kalen.com.tr\/en\/wp-json\/wp\/v2\/types\/page"}],"author":[{"embeddable":true,"href":"https:\/\/kalen.com.tr\/en\/wp-json\/wp\/v2\/users\/2"}],"replies":[{"embeddable":true,"href":"https:\/\/kalen.com.tr\/en\/wp-json\/wp\/v2\/comments?post=1461"}],"version-history":[{"count":25,"href":"https:\/\/kalen.com.tr\/en\/wp-json\/wp\/v2\/pages\/1461\/revisions"}],"predecessor-version":[{"id":3020,"href":"https:\/\/kalen.com.tr\/en\/wp-json\/wp\/v2\/pages\/1461\/revisions\/3020"}],"wp:attachment":[{"href":"https:\/\/kalen.com.tr\/en\/wp-json\/wp\/v2\/media?parent=1461"}],"curies":[{"name":"wp","href":"https:\/\/api.w.org\/{rel}","templated":true}]}}