{"id":1482,"date":"2016-01-19T16:40:09","date_gmt":"2016-01-19T16:40:09","guid":{"rendered":"http:\/\/anpsthemes.com\/construction\/?page_id=1482"},"modified":"2023-02-28T12:04:57","modified_gmt":"2023-02-28T12:04:57","slug":"iletisim","status":"publish","type":"page","link":"https:\/\/kalen.com.tr\/en\/iletisim\/","title":{"rendered":"Contact"},"content":{"rendered":"<p>[vc_row full_width=&#8221;stretch_row_content_no_spaces&#8221; disable_element=&#8221;yes&#8221; css=&#8221;.vc_custom_1578035596375{margin-bottom: 40px !important;}&#8221;][vc_column]<div data-styles='[{\"featureType\": \"administrative\",\"elementType\": \"labels.text.fill\",\"stylers\": [{\"color\": \"#444444\"}]},{\"featureType\": \"landscape\",\"elementType\": \"all\",\"stylers\": [{\"color\": \"#f2f2f2\"}]},{\"featureType\": \"poi\",\"elementType\": \"all\",\"stylers\": [{\"visibility\": \"off\"}]},{\"featureType\": \"road\",\"elementType\": \"all\",\"stylers\": [{\"saturation\": -100},{\"lightness\": 45}]},{\"featureType\": \"road\",\"elementType\": \"geometry.fill\",\"stylers\": [{\"visibility\": \"on\"},{\"saturation\": \"-1\"},{\"lightness\": \"18\"}]},{\"featureType\": \"road.highway\",\"elementType\": \"all\",\"stylers\": [{\"visibility\": \"simplified\"}]},{\"featureType\": \"road.arterial\",\"elementType\": \"labels.icon\",\"stylers\": [{\"visibility\": \"off\"}]},{\"featureType\": \"transit\",\"elementType\": \"all\",\"stylers\": [{\"visibility\": \"off\"}]},{\"featureType\": \"water\",\"elementType\": \"all\",\"stylers\": [{\"color\": \"#3498db\"},{\"visibility\": \"on\"}]}]' class='map' id='map1' style='height: 450px;' data-type='ROADMAP' data-zoom='14' data-scroll='false' data-markers='{ \"address\": \"Howard University Middle School of Mathematics and Science\",  \"center\": \"true\", \"data\": \"\", \"options\": { \"icon\": \"https:\/\/kalen.com.tr\/wp-content\/uploads\/2016\/01\/maps-demo-3-1.png\" } }|{ \"address\": \"Woodley Park\",  \"center\": \"\", \"data\": \"\", \"options\": { \"icon\": \"https:\/\/kalen.com.tr\/wp-content\/uploads\/2016\/01\/maps-demo-3-1.png\" } }|{ \"address\": \"Langdon, Washington, D.C.\",  \"center\": \"\", \"data\": \"\", \"options\": { \"icon\": \"https:\/\/kalen.com.tr\/wp-content\/uploads\/2016\/01\/maps-demo-3-1.png\" } }|'><\/div>[\/vc_column][\/vc_row][vc_row][vc_column][vc_custom_heading text=&#8221;Bize Ula\u015f\u0131n&#8221; use_theme_fonts=&#8221;yes&#8221; el_class=&#8221;title&#8221;][vc_empty_space height=&#8221;15&#8243;][vc_column_text]T\u00fcm talep ve sorular\u0131n\u0131z i\u00e7in l\u00fctfen bizimle temasa ge\u00e7iniz. \u00c7\u00d6Z\u00dcM ORTA\u011eINIZ olmaya haz\u0131r\u0131z.<\/p>\n<p><strong>KALEN KALKAVAN LTD. \u015eT\u0130.<\/strong><\/p>\n<p>SARIYER V.D. : 4910613182<br \/>\nTic.Sicil No:456648[\/vc_column_text][\/vc_column][\/vc_row][vc_row disable_element=&#8221;yes&#8221; css=&#8221;.vc_custom_1578639368788{margin-bottom: 40px !important;}&#8221;][vc_column]<table class='info-table'><\/tbody><tr class='info-table-row'><th class='info-table-icon'><i class='fa fas fa-long-arrow-alt-right'><\/i><\/th><td class='info-table-content'>Kalen Kalkavan Endustri Tech. Dan. Ve Tic. A.S.<\/td><\/tr><tr class='info-table-row'><th class='info-table-icon'><i class='fa fas fa-map-marker-alt'><\/i><\/th><td class='info-table-content'>Maden Mah. Kugu Cad. Bahcesaray Sok. No: 5\/2 Sariyer &#8211; Istanbul<\/td><\/tr><tr class='info-table-row'><th class='info-table-icon'><i class='fa fas fa-phone-alt'><\/i><\/th><td class='info-table-content'>+90 212 2114348<\/td><\/tr><tr class='info-table-row'><th class='info-table-icon'><i class='fa fas fa-fax'><\/i><\/th><td class='info-table-content'>+90 212 2114316<\/td><\/tr><tr class='info-table-row'><th class='info-table-icon'><i class='fa fas fa-envelope'><\/i><\/th><td class='info-table-content'>info@kalen.com.tr<\/td><\/tr><tr class='info-table-row'><th class='info-table-icon'><i class='fa fas fa-globe-americas'><\/i><\/th><td class='info-table-content'><a href=\"https:\/\/kalen.com.tr\/en\/\" target=\"_blank\" rel=\"noopener noreferrer\">www.kalen.com.tr<\/a><\/td><\/tr><\/table><\/tbody>[\/vc_column][\/vc_row][vc_row css=&#8221;.vc_custom_1578639379047{margin-bottom: 40px !important;}&#8221;][vc_column width=&#8221;1\/2&#8243;]<table class='info-table'><\/tbody><tr class='info-table-row'><th class='info-table-icon'><i class='fa fas fa-long-arrow-alt-right'><\/i><\/th><td class='info-table-content'>Kalen Kalkavan Ltd. \u015eti.<\/td><\/tr><tr class='info-table-row'><th class='info-table-icon'><i class='fa fas fa-map-marker-alt'><\/i><\/th><td class='info-table-content'>Maden mah. Kilyos Cad. K\u0131z\u0131lelma sok. No: 2C Blok D:2 Sar\u0131yer &#8211; \u0130stanbul<\/td><\/tr><tr class='info-table-row'><th class='info-table-icon'><i class='fa fas fa-phone-alt'><\/i><\/th><td class='info-table-content'>+90 212 2114348<\/td><\/tr><tr class='info-table-row'><th class='info-table-icon'><i class='fa fas fa-fax'><\/i><\/th><td class='info-table-content'>+90 212 2114316<\/td><\/tr><tr class='info-table-row'><th class='info-table-icon'><i class='fa fas fa-envelope'><\/i><\/th><td class='info-table-content'>info@kalen.com.tr &#8211; kalen@kalen.com.tr &#8211; kalenkalkavan@gmail.com<\/td><\/tr><\/table><\/tbody>[\/vc_column][vc_column width=&#8221;1\/2&#8243;]<div role=\"form\" class=\"wpcf7\" id=\"wpcf7-f1831-o1\" lang=\"en-US\" dir=\"ltr\">\n<div class=\"screen-reader-response\"><\/div>\n<form action=\"\/en\/wp-json\/wp\/v2\/pages\/1482#wpcf7-f1831-o1\" method=\"post\" class=\"wpcf7-form\" novalidate=\"novalidate\" data-trp-original-action=\"\/en\/wp-json\/wp\/v2\/pages\/1482#wpcf7-f1831-o1\">\n<div style=\"display: none;\">\n<input type=\"hidden\" name=\"_wpcf7\" value=\"1831\" \/>\n<input type=\"hidden\" name=\"_wpcf7_version\" value=\"5.1.6\" \/>\n<input type=\"hidden\" name=\"_wpcf7_locale\" value=\"en_US\" \/>\n<input type=\"hidden\" name=\"_wpcf7_unit_tag\" value=\"wpcf7-f1831-o1\" \/>\n<input type=\"hidden\" name=\"_wpcf7_container_post\" value=\"0\" \/>\n<\/div>\n<div class=\"row\">\n<fieldset class=\"form-group col-md-7\">\n   <span class=\"wpcf7-form-control-wrap name\"><input type=\"text\" name=\"name\" value=\"\" size=\"40\" class=\"wpcf7-form-control wpcf7-text wpcf7-validates-as-required\" aria-required=\"true\" aria-invalid=\"false\" placeholder=\"Name\" \/><\/span><br \/>\n<\/fieldset>\n<fieldset class=\"form-group col-md-7\">\n   <span class=\"wpcf7-form-control-wrap email\"><input type=\"email\" name=\"email\" value=\"\" size=\"40\" class=\"wpcf7-form-control wpcf7-text wpcf7-email wpcf7-validates-as-required wpcf7-validates-as-email\" aria-required=\"true\" aria-invalid=\"false\" placeholder=\"Email\" \/><\/span><br \/>\n<\/fieldset>\n<fieldset class=\"form-group col-md-7\">\n   <span class=\"wpcf7-form-control-wrap subject\"><input type=\"text\" name=\"subject\" value=\"\" size=\"40\" class=\"wpcf7-form-control wpcf7-text wpcf7-validates-as-required\" aria-required=\"true\" aria-invalid=\"false\" placeholder=\"Subject\" \/><\/span><br \/>\n<\/fieldset>\n<fieldset class=\"form-group col-md-12\">\n   <span class=\"wpcf7-form-control-wrap message\"><textarea name=\"message\" cols=\"40\" rows=\"10\" class=\"wpcf7-form-control wpcf7-textarea wpcf7-validates-as-required\" aria-required=\"true\" aria-invalid=\"false\" placeholder=\"Message\"><\/textarea><\/span><br \/>\n<\/fieldset>\n<fieldset class=\"form-group col-md-12\">\n   <input type=\"submit\" value=\"Submit\" class=\"wpcf7-form-control wpcf7-submit btn btn-normal btn-md\" \/><br \/>\n<\/fieldset>\n<\/div>\n<div class=\"wpcf7-response-output wpcf7-display-none\"><\/div><input type=\"hidden\" name=\"trp-form-language\" value=\"en\"\/><\/form><\/div>[\/vc_column][\/vc_row][vc_row full_width=&#8221;stretch_row&#8221; disable_element=&#8221;yes&#8221; el_class=&#8221;no-bottom-padding-row&#8221; css=&#8221;.vc_custom_1577961103245{background-color: #3498db !important;}&#8221;][vc_column css=&#8221;.vc_custom_1453297229659{padding-top: 0px !important;}&#8221;]<div class=\"download\"><div class='download-content text-uppercase' style='color: #ffffff'><i class='fa fa fa-file-pdf-o'><\/i> DOWNLOAD A COMPLETE CATALOG OF OUR SERVICES AND PROJECTS SPECIFICATIONS<\/div><a target='_self' href='#' class='btn btn-md btn-dark btn-shadow'><i class='fa fa fa-cloud-download'><\/i> Download<\/a><\/div>[\/vc_column][\/vc_row]<\/p>","protected":false},"excerpt":{"rendered":"<p>[vc_row full_width=&#8221;stretch_row_content_no_spaces&#8221; disable_element=&#8221;yes&#8221; css=&#8221;.vc_custom_1578035596375{margin-bottom: 40px !important;}&#8221;][vc_column][\/vc_column][\/vc_row][vc_row][vc_column][vc_custom_heading text=&#8221;Bize Ula\u015f\u0131n&#8221; use_theme_fonts=&#8221;yes&#8221; el_class=&#8221;title&#8221;][vc_empty_space height=&#8221;15&#8243;][vc_column_text]T\u00fcm talep ve sorular\u0131n\u0131z i\u00e7in l\u00fctfen bizimle temasa ge\u00e7iniz. \u00c7\u00d6Z\u00dcM ORTA\u011eINIZ olmaya haz\u0131r\u0131z. KALEN KALKAVAN LTD. \u015eT\u0130. SARIYER V.D. : 4910613182 Tic.Sicil No:456648[\/vc_column_text][\/vc_column][\/vc_row][vc_row disable_element=&#8221;yes&#8221; css=&#8221;.vc_custom_1578639368788{margin-bottom: 40px !important;}&#8221;][vc_column][\/vc_column][\/vc_row][vc_row css=&#8221;.vc_custom_1578639379047{margin-bottom: 40px !important;}&#8221;][vc_column &hellip;<\/p>","protected":false},"author":2,"featured_media":0,"parent":0,"menu_order":0,"comment_status":"closed","ping_status":"closed","template":"","meta":[],"_links":{"self":[{"href":"https:\/\/kalen.com.tr\/en\/wp-json\/wp\/v2\/pages\/1482"}],"collection":[{"href":"https:\/\/kalen.com.tr\/en\/wp-json\/wp\/v2\/pages"}],"about":[{"href":"https:\/\/kalen.com.tr\/en\/wp-json\/wp\/v2\/types\/page"}],"author":[{"embeddable":true,"href":"https:\/\/kalen.com.tr\/en\/wp-json\/wp\/v2\/users\/2"}],"replies":[{"embeddable":true,"href":"https:\/\/kalen.com.tr\/en\/wp-json\/wp\/v2\/comments?post=1482"}],"version-history":[{"count":25,"href":"https:\/\/kalen.com.tr\/en\/wp-json\/wp\/v2\/pages\/1482\/revisions"}],"predecessor-version":[{"id":2928,"href":"https:\/\/kalen.com.tr\/en\/wp-json\/wp\/v2\/pages\/1482\/revisions\/2928"}],"wp:attachment":[{"href":"https:\/\/kalen.com.tr\/en\/wp-json\/wp\/v2\/media?parent=1482"}],"curies":[{"name":"wp","href":"https:\/\/api.w.org\/{rel}","templated":true}]}}